{"id":387,"date":"2024-12-03T19:45:50","date_gmt":"2024-12-03T18:45:50","guid":{"rendered":"https:\/\/sopranomarketing.pl\/sklep\/?post_type=product&#038;p=387"},"modified":"2024-12-03T20:50:38","modified_gmt":"2024-12-03T19:50:38","slug":"nauka-tworzenia-dochodowej-kampanii-sprzedazowej-3-4-spotkania-po-15-godziny","status":"publish","type":"product","link":"https:\/\/sopranomarketing.pl\/sklep\/product\/nauka-tworzenia-dochodowej-kampanii-sprzedazowej-3-4-spotkania-po-15-godziny\/","title":{"rendered":"Nauka tworzenia dochodowej kampanii sprzeda\u017cowej (3\u20134 spotkania po 1,5 godziny)"},"content":{"rendered":"<p>Chcesz nauczy\u0107 si\u0119 krok po kroku, jak stworzy\u0107 skuteczn\u0105 kampani\u0119 sprzeda\u017cow\u0105, kt\u00f3ra przynosi realne zyski? Ta seria spotka\u0144 pomo\u017ce Ci opracowa\u0107 i przeprowadzi\u0107 kampani\u0119 dostosowan\u0105 do platform takich jak TikTok czy Instagram.<\/p>\n<p>Podczas 3\u20134 spotka\u0144:<\/p>\n<ol>\n<li><strong>Strategia kampanii sprzeda\u017cowej<\/strong>\n<ul>\n<li>Nauczysz si\u0119 tworzy\u0107 skuteczne kampanie na wybranej platformie (TikTok, Instagram).<\/li>\n<li>Zrozumiesz, jak zaplanowa\u0107 dzia\u0142ania krok po kroku, by maksymalizowa\u0107 zyski ka\u017cdego dnia.<\/li>\n<\/ul>\n<\/li>\n<li><strong>Przygotowanie tre\u015bci sprzeda\u017cowych<\/strong>\n<ul>\n<li>Dowiesz si\u0119, jakie rolki, TikToki i inne tre\u015bci przygotowa\u0107, by przyci\u0105gn\u0105\u0107 uwag\u0119 i zach\u0119ci\u0107 do zakupu.<\/li>\n<li>Nauczysz si\u0119 definiowa\u0107 i grupowa\u0107 produkty wed\u0142ug poziom\u00f3w sprzeda\u017cy (np. Basic, Premium, Gold).<\/li>\n<\/ul>\n<\/li>\n<li><strong>Tworzenie stron sprzeda\u017cowych<\/strong>\n<ul>\n<li>Poznasz kluczowe elementy skutecznego landing page\u2019a.<\/li>\n<li>Dowiesz si\u0119, jak u\u0142o\u017cy\u0107 stron\u0119 sprzeda\u017cow\u0105, kt\u00f3ra przekonuje odbiorc\u00f3w do zakupu.<\/li>\n<\/ul>\n<\/li>\n<li><strong>Narz\u0119dzia i komunikacja<\/strong>\n<ul>\n<li>Odkryjesz, jakich narz\u0119dzi u\u017cy\u0107, by usprawni\u0107 kampani\u0119.<\/li>\n<li>Nauczysz si\u0119, jak zaplanowa\u0107 i prowadzi\u0107 komunikacj\u0119 w social mediach, by budowa\u0107 zaanga\u017cowanie i zwi\u0119ksza\u0107 sprzeda\u017c.<\/li>\n<\/ul>\n<\/li>\n<li><strong>Wsparcie sprzeda\u017cy i budowanie bazy klient\u00f3w<\/strong>\n<ul>\n<li>Zrozumiesz, jakie dodatkowe produkty lub bonusy warto oferowa\u0107, by zwi\u0119kszy\u0107 sprzeda\u017c.<\/li>\n<li>Nauczysz si\u0119, jak zdobywa\u0107 listy mailingowe i wykorzysta\u0107 je w kampanii.<\/li>\n<\/ul>\n<\/li>\n<li><strong>Webinary i przedsprzeda\u017c<\/strong>\n<ul>\n<li>Dowiesz si\u0119, jak zaplanowa\u0107 przedsprzeda\u017c, by generowa\u0142a zyski jeszcze przed startem kampanii.<\/li>\n<li>Nauczysz si\u0119 przygotowywa\u0107 i prowadzi\u0107 webinary lub live\u2019y, kt\u00f3re sprzedaj\u0105.<\/li>\n<\/ul>\n<\/li>\n<\/ol>\n<p><strong>Dzi\u0119ki tej serii spotka\u0144 zdob\u0119dziesz kompleksow\u0105 wiedz\u0119 i umiej\u0119tno\u015bci, by samodzielnie stworzy\u0107 dochodow\u0105 kampani\u0119 sprzeda\u017cow\u0105 i skutecznie rozwija\u0107 swoj\u0105 mark\u0119.<\/strong><\/p>\n<p><strong>Uwaga:<\/strong> Cena dotyczy nauki i konsultacji, ale nie obejmuje tworzenia tre\u015bci na potrzeby kampanii.<\/p>\n","protected":false},"excerpt":{"rendered":"<p>Chcesz nauczy\u0107 si\u0119 krok po kroku, jak stworzy\u0107 skuteczn\u0105 kampani\u0119 sprzeda\u017cow\u0105, kt\u00f3ra przynosi realne zyski? Ta seria spotka\u0144 pomo\u017ce Ci opracowa\u0107 i przeprowadzi\u0107 kampani\u0119 dostosowan\u0105 do platform takich jak TikTok czy Instagram.<\/p>\n","protected":false},"featured_media":393,"template":"","meta":{"pmpro_default_level":""},"product_cat":[45],"product_tag":[],"class_list":{"0":"post-387","1":"product","2":"type-product","3":"status-publish","4":"has-post-thumbnail","6":"product_cat-praca-z-klientem","7":"pmpro-has-access","9":"first","10":"instock","11":"purchasable","12":"product-type-simple"},"jetpack_sharing_enabled":true,"_links":{"self":[{"href":"https:\/\/sopranomarketing.pl\/sklep\/wp-json\/wp\/v2\/product\/387","targetHints":{"allow":["GET"]}}],"collection":[{"href":"https:\/\/sopranomarketing.pl\/sklep\/wp-json\/wp\/v2\/product"}],"about":[{"href":"https:\/\/sopranomarketing.pl\/sklep\/wp-json\/wp\/v2\/types\/product"}],"wp:featuredmedia":[{"embeddable":true,"href":"https:\/\/sopranomarketing.pl\/sklep\/wp-json\/wp\/v2\/media\/393"}],"wp:attachment":[{"href":"https:\/\/sopranomarketing.pl\/sklep\/wp-json\/wp\/v2\/media?parent=387"}],"wp:term":[{"taxonomy":"product_cat","embeddable":true,"href":"https:\/\/sopranomarketing.pl\/sklep\/wp-json\/wp\/v2\/product_cat?post=387"},{"taxonomy":"product_tag","embeddable":true,"href":"https:\/\/sopranomarketing.pl\/sklep\/wp-json\/wp\/v2\/product_tag?post=387"}],"curies":[{"name":"wp","href":"https:\/\/api.w.org\/{rel}","templated":true}]}}