{"id":384,"date":"2024-12-03T19:17:22","date_gmt":"2024-12-03T18:17:22","guid":{"rendered":"https:\/\/sopranomarketing.pl\/sklep\/?post_type=product&#038;p=384"},"modified":"2024-12-03T20:48:33","modified_gmt":"2024-12-03T19:48:33","slug":"konsultacja-biznesowa-rozwoj-marki-1-godzina","status":"publish","type":"product","link":"https:\/\/sopranomarketing.pl\/sklep\/product\/konsultacja-biznesowa-rozwoj-marki-1-godzina\/","title":{"rendered":"Konsultacja Biznesowa &#8211; Rozw\u00f3j marki 1 godzina"},"content":{"rendered":"<p><strong>Je\u015bli Twoja marka stoi przed wyzwaniami, a Ty potrzebujesz konkretnych rozwi\u0105za\u0144 i jasnego planu dzia\u0142ania, ta konsultacja jest w\u0142a\u015bnie dla Ciebie.<\/strong><\/p>\n<p><strong>Podczas 1-godzinnego spotkania:<\/strong><\/p>\n<ul>\n<li>Analizuj\u0119 ca\u0142o\u015bciowo Twoj\u0105 mark\u0119, w tym obecne dzia\u0142ania, strategi\u0119 i komunikacj\u0119.<\/li>\n<li>Na podstawie wcze\u015bniejszej analizy wskazuj\u0119 skuteczne rozwi\u0105zania dostosowane do Twojego problemu.<\/li>\n<li>Daj\u0119 Ci wytyczne, kt\u00f3re definiuj\u0105 kroki potrzebne do osi\u0105gni\u0119cia celu.<\/li>\n<li>Doradzam, jak zmodyfikowa\u0107 strategi\u0119, aby skutecznie dociera\u0107 do wybranej grupy odbiorc\u00f3w.<\/li>\n<li>Podpowiadam, jakie dzia\u0142ania, formaty tre\u015bci (np. rolki, filmy) i \u015brodki b\u0119d\u0105 najefektywniejsze.<\/li>\n<\/ul>\n<p><strong>Przyk\u0142ady:<\/strong><\/p>\n<ul>\n<li>Je\u015bli chcesz dotrze\u0107 do nowej grupy klient\u00f3w, wska\u017c\u0119, jakie zmiany w komunikacji i typach tre\u015bci pozwol\u0105 na skuteczne zaanga\u017cowanie odbiorc\u00f3w.<\/li>\n<li>Je\u015bli zale\u017cy Ci na przeniesieniu odbiorc\u00f3w z medi\u00f3w spo\u0142eczno\u015bciowych na stron\u0119 internetow\u0105, poka\u017c\u0119 krok po kroku, jakie elementy musisz stworzy\u0107 i wdro\u017cy\u0107, by zwi\u0119kszy\u0107 sprzeda\u017c.<\/li>\n<\/ul>\n<p>Konsultacja daje Ci konkretne narz\u0119dzia i wytyczne, kt\u00f3re pomog\u0105 rozwija\u0107 mark\u0119 i realizowa\u0107 Twoje cele biznesowe.<\/p>\n","protected":false},"excerpt":{"rendered":"<p><strong>Je\u015bli Twoja marka stoi przed wyzwaniami, a Ty potrzebujesz konkretnych rozwi\u0105za\u0144 i jasnego planu dzia\u0142ania, ta konsultacja jest w\u0142a\u015bnie dla Ciebie.<\/strong><\/p>\n","protected":false},"featured_media":392,"template":"","meta":{"pmpro_default_level":""},"product_cat":[45],"product_tag":[],"class_list":{"0":"post-384","1":"product","2":"type-product","3":"status-publish","4":"has-post-thumbnail","6":"product_cat-praca-z-klientem","7":"pmpro-has-access","9":"first","10":"instock","11":"purchasable","12":"product-type-simple"},"jetpack_sharing_enabled":true,"_links":{"self":[{"href":"https:\/\/sopranomarketing.pl\/sklep\/wp-json\/wp\/v2\/product\/384","targetHints":{"allow":["GET"]}}],"collection":[{"href":"https:\/\/sopranomarketing.pl\/sklep\/wp-json\/wp\/v2\/product"}],"about":[{"href":"https:\/\/sopranomarketing.pl\/sklep\/wp-json\/wp\/v2\/types\/product"}],"wp:featuredmedia":[{"embeddable":true,"href":"https:\/\/sopranomarketing.pl\/sklep\/wp-json\/wp\/v2\/media\/392"}],"wp:attachment":[{"href":"https:\/\/sopranomarketing.pl\/sklep\/wp-json\/wp\/v2\/media?parent=384"}],"wp:term":[{"taxonomy":"product_cat","embeddable":true,"href":"https:\/\/sopranomarketing.pl\/sklep\/wp-json\/wp\/v2\/product_cat?post=384"},{"taxonomy":"product_tag","embeddable":true,"href":"https:\/\/sopranomarketing.pl\/sklep\/wp-json\/wp\/v2\/product_tag?post=384"}],"curies":[{"name":"wp","href":"https:\/\/api.w.org\/{rel}","templated":true}]}}