{"id":12,"date":"2023-04-01T12:37:07","date_gmt":"2023-04-01T10:37:07","guid":{"rendered":"https:\/\/sopranomarketing.pl\/sklep\/?post_type=product&#038;p=12"},"modified":"2025-02-23T20:59:27","modified_gmt":"2025-02-23T19:59:27","slug":"poczatki-hooki-do-filmow-na-tiktok-reels","status":"publish","type":"product","link":"https:\/\/sopranomarketing.pl\/sklep\/product\/poczatki-hooki-do-filmow-na-tiktok-reels\/","title":{"rendered":"300 Pomys\u0142\u00f3w Na HOOK &#8211; czyli Przyci\u0105gaj\u0105ce Uwag\u0119 Pocz\u0105tki Film\u00f3w"},"content":{"rendered":"<p>Zanurz si\u0119 w \u015bwiecie Reels i Tik Tok, odblokowuj\u0105c potencja\u0142 Twoich film\u00f3w dzi\u0119ki 300 anga\u017cuj\u0105cym HOOKom! Opracowa\u0142am dla Ciebie niezwyk\u0142\u0105 kolekcj\u0119 pomys\u0142\u00f3w na pocz\u0105tki film\u00f3w, kt\u00f3re przyci\u0105gn\u0105 uwag\u0119 widz\u00f3w i sprawi\u0105, \u017ce b\u0119d\u0105 chcieli zobaczy\u0107 film do ko\u0144ca.<\/p>\n<p>Nie tra\u0107 ani chwili &#8211; zacznij tworzy\u0107 porywaj\u0105ce filmy, kt\u00f3re zyskaj\u0105 serca Twoich obserwuj\u0105cych.<\/p>\n<p><strong>Moja oferta obejmuje:<\/strong><\/p>\n<ol>\n<li>300 oryginalnych, anga\u017cuj\u0105cych hook\u00f3w, kt\u00f3re sprawi\u0105, \u017ce widzowie nie b\u0119d\u0105 mogli oderwa\u0107 si\u0119 od Twojego filmu.<\/li>\n<li>Szeroki wyb\u00f3r temat\u00f3w, aby dopasowa\u0107 si\u0119 do r\u00f3\u017cnorodnych zainteresowa\u0144 i styl\u00f3w tw\u00f3rczych.<\/li>\n<li>Hooki idealne dla r\u00f3\u017cnych gatunk\u00f3w i format\u00f3w na TikToku lub Reels<\/li>\n<\/ol>\n<p><strong>Korzystaj\u0105c z moich anga\u017cuj\u0105cych hook\u00f3w, zyskasz:<\/strong><\/p>\n<p>\ud83d\ude80 Wi\u0119ksze zaanga\u017cowanie &#8211; Zwr\u00f3\u0107 uwag\u0119 widz\u00f3w od pierwszych sekund i spraw, \u017ce b\u0119d\u0105 chcieli pozosta\u0107 z Tob\u0105 na d\u0142u\u017cej.<\/p>\n<p>\ud83d\ude80 Wzrost liczby obserwuj\u0105cych &#8211; Przykuwaj\u0105c uwag\u0119 swojej publiczno\u015bci, zyskasz wi\u0119cej obserwuj\u0105cych, kt\u00f3rzy b\u0119d\u0105 \u015bledzi\u0107 Twoje dalsze filmy.<\/p>\n<p>\ud83d\ude80 Nieograniczony potencja\u0142 tw\u00f3rczy &#8211; Dzi\u0119ki 300 hookom zyskasz mn\u00f3stwo inspiracji, kt\u00f3re pozwol\u0105 Ci tworzy\u0107 r\u00f3\u017cnorodne tre\u015bci i rozwija\u0107 swoje umiej\u0119tno\u015bci.<\/p>\n<p>\ud83d\ude80 Wyr\u00f3\u017cnienie si\u0119 na tle konkurencji &#8211; Zdob\u0105d\u017a przewag\u0119 nad innymi tw\u00f3rcami, stosuj\u0105c wyj\u0105tkowe i anga\u017cuj\u0105ce hooki, kt\u00f3rych nie znajdziesz nigdzie indziej.<\/p>\n<p>Zacznij tworzy\u0107 zachwycaj\u0105ce filmy na TikToku z moj\u0105 kolekcj\u0105 300 anga\u017cuj\u0105cych hook\u00f3w! Zam\u00f3w ju\u017c dzi\u015b i odkryj prawdziw\u0105 moc porywaj\u0105cej zawarto\u015bci, kt\u00f3ra zaskoczy widz\u00f3w i sprawi, \u017ce b\u0119dziesz rosn\u0105\u0107 w si\u0142\u0119 na platformie.<\/p>\n<p><strong>Co to jest hook?<\/strong><\/p>\n<p>Hook, w kontek\u015bcie copywritingu, odnosi si\u0119 do kr\u00f3tkiego, anga\u017cuj\u0105cego i intryguj\u0105cego pocz\u0105tku filmu, kt\u00f3rego celem jest przyci\u0105gni\u0119cie uwagi u\u017cytkownika i zainteresowanie go dalszymi tre\u015bciami.<\/p>\n<p><strong>Przyk\u0142ady<\/strong><\/p>\n<ol>\n<li>&#8222;Czy kiedykolwiek zastanawia\u0142a\u015b si\u0119, jak\u2026?&#8221;<\/li>\n<li>&#8222;Oto co\u015b, czego nie nauczysz si\u0119 w szkole!&#8221;<\/li>\n<li>&#8222;Dowiedzia\u0142am si\u0119 tego przypadkiem, ale zmieni\u0142o to moje \u017cycie!&#8221;<\/li>\n<li>&#8222;Co by si\u0119 sta\u0142o, gdyby\u015b spr\u00f3bowa\u0142a\u2026?&#8221;<\/li>\n<li>&#8222;Uwierzysz, gdy zobaczysz, jak to zrobi\u0142am!&#8221;<\/li>\n<li>&#8230;<\/li>\n<\/ol>\n<p>&nbsp;<\/p>\n<p>&nbsp;<\/p>\n<p>&nbsp;<\/p>\n","protected":false},"excerpt":{"rendered":"<p>Odkryj moc anga\u017cuj\u0105cych film\u00f3w na Reels i TikTok z 300 oryginalnymi hookami, kt\u00f3re przyci\u0105gn\u0105 uwag\u0119 widz\u00f3w i zwi\u0119ksz\u0105 zaanga\u017cowanie! W mojej ofercie znajdziesz szeroki wyb\u00f3r temat\u00f3w, elastyczno\u015b\u0107 i inspiracj\u0119 dla tw\u00f3rc\u00f3w na ka\u017cdym poziomie zaawansowania. Z moimi hookami zyskasz wi\u0119ksze zaanga\u017cowanie, wzrost liczby obserwuj\u0105cych oraz nieograniczony potencja\u0142 tw\u00f3rczy. Wyr\u00f3\u017cnij si\u0119 na tle konkurencji i zacznij tworzy\u0107 zachwycaj\u0105ce filmy na TikToku ju\u017c dzi\u015b!<\/p>\n","protected":false},"featured_media":176,"template":"","meta":{"pmpro_default_level":""},"product_cat":[44],"product_tag":[24,20,23,21,22],"class_list":{"0":"post-12","1":"product","2":"type-product","3":"status-publish","4":"has-post-thumbnail","6":"product_cat-ebook","7":"product_tag-budowanie-zaangazowania","8":"product_tag-hooki","9":"product_tag-idee","10":"product_tag-poczatki-do-filmow","11":"product_tag-tiktok","12":"pmpro-has-access","14":"first","15":"instock","16":"sale","17":"downloadable","18":"sold-individually","19":"taxable","20":"shipping-taxable","21":"purchasable","22":"product-type-simple"},"jetpack_sharing_enabled":true,"_links":{"self":[{"href":"https:\/\/sopranomarketing.pl\/sklep\/wp-json\/wp\/v2\/product\/12","targetHints":{"allow":["GET"]}}],"collection":[{"href":"https:\/\/sopranomarketing.pl\/sklep\/wp-json\/wp\/v2\/product"}],"about":[{"href":"https:\/\/sopranomarketing.pl\/sklep\/wp-json\/wp\/v2\/types\/product"}],"wp:featuredmedia":[{"embeddable":true,"href":"https:\/\/sopranomarketing.pl\/sklep\/wp-json\/wp\/v2\/media\/176"}],"wp:attachment":[{"href":"https:\/\/sopranomarketing.pl\/sklep\/wp-json\/wp\/v2\/media?parent=12"}],"wp:term":[{"taxonomy":"product_cat","embeddable":true,"href":"https:\/\/sopranomarketing.pl\/sklep\/wp-json\/wp\/v2\/product_cat?post=12"},{"taxonomy":"product_tag","embeddable":true,"href":"https:\/\/sopranomarketing.pl\/sklep\/wp-json\/wp\/v2\/product_tag?post=12"}],"curies":[{"name":"wp","href":"https:\/\/api.w.org\/{rel}","templated":true}]}}