{"id":119,"date":"2023-04-28T15:30:41","date_gmt":"2023-04-28T13:30:41","guid":{"rendered":"https:\/\/sopranomarketing.pl\/sklep\/?post_type=product&#038;p=119"},"modified":"2023-05-14T23:14:07","modified_gmt":"2023-05-14T21:14:07","slug":"scenariusze-pod-wspolprace-z-markami-1-scenariusz","status":"publish","type":"product","link":"https:\/\/sopranomarketing.pl\/sklep\/product\/scenariusze-pod-wspolprace-z-markami-1-scenariusz\/","title":{"rendered":"Influencer Marketing &#8211; Scenariusz Do Filmu &#8211; Wsp\u00f3\u0142praca z Mark\u0105 Zewn\u0119trzn\u0105"},"content":{"rendered":"<p>Dzia\u0142asz w social mediach, stworzy\u0142a\u015b w\u0142asn\u0105 mark\u0119 i wsp\u00f3\u0142pracujesz z innymi zewn\u0119trznymi firmami reklamuj\u0105c ich produkty?<\/p>\n<p>Zapewne wiele razy zastanawia\u0142a\u015b si\u0119, jak zareklamowa\u0107 dany produkt, jak u\u0142o\u017cy\u0107 scenariusz aby by\u0142 ciekawy, co zrobi\u0107, aby osoby, kt\u00f3re Ci\u0119 obserwuj\u0105, chcia\u0142y obejrze\u0107 film reklamowy do ko\u0144ca. Je\u015bli chcia\u0142aby\u015b tworzy\u0107 niezapomniane i anga\u017cuj\u0105ce filmy na TikToka i Instagrama, kt\u00f3re wzmocni\u0105 Twoj\u0105 wsp\u00f3\u0142prac\u0119 z markami, &#8211; Scenariusze Pod Wsp\u00f3\u0142prac\u0119 z Markami to us\u0142uga stworzona specjalnie dla Ciebie!<\/p>\n<p>Oto, co mog\u0119 zrobi\u0107 dla Ciebie:<\/p>\n<ul>\n<li>Stworzy\u0107 scenariusze dopasowane do Twojego stylu i charakteru, kt\u00f3re doskonale wpasuj\u0105 si\u0119 w Twoje kana\u0142y spo\u0142eczno\u015bciowe.<\/li>\n<li>Przygotowa\u0107 szczeg\u00f3\u0142owe opisy uj\u0119\u0107, kt\u00f3re pomog\u0105 Ci stworzy\u0107 profesjonalnie wygl\u0105daj\u0105ce filmy.<\/li>\n<li>Wymy\u015bli\u0107 oryginalne pomys\u0142y, kt\u00f3re przyci\u0105gn\u0105 uwag\u0119 widz\u00f3w i zwi\u0119ksz\u0105 zaanga\u017cowanie w Twoich postach.<\/li>\n<li>Opracowa\u0107 teksty reklamowe, kt\u00f3re skutecznie wypromuj\u0105 produkty marek, z kt\u00f3rymi wsp\u00f3\u0142pracujesz.<\/li>\n<\/ul>\n<p>Dzi\u0119ki Scenariuszom Pod Wsp\u00f3\u0142prac\u0119 z Markami, mo\u017cesz skupi\u0107 si\u0119 na tym, co robisz najlepiej, a ja zajm\u0119 si\u0119 tym, by filmy reklamowe, wyr\u00f3\u017cnia\u0142y Ci\u0119 spo\u015br\u00f3d konkurencji.<\/p>\n<p>Razem stworzymy niezapomniane filmy, kt\u00f3re zwi\u0119ksz\u0105 Twoj\u0105 warto\u015b\u0107 dla marek i Twoich fan\u00f3w!<\/p>\n","protected":false},"excerpt":{"rendered":"<p>Tw\u00f3rz niezapomniane i anga\u017cuj\u0105ce filmy na TikToka i Instagrama z us\u0142ug\u0105 Scenariusze Pod Wsp\u00f3\u0142prac\u0119 z Markami! Otrzymaj scenariusze dopasowane do Twojego stylu, szczeg\u00f3\u0142owe opisy uj\u0119\u0107, oryginalne pomys\u0142y i skuteczne teksty reklamowe. Wsp\u00f3lnie stworzymy filmy, kt\u00f3re wyr\u00f3\u017cni\u0105 Ci\u0119 w\u015br\u00f3d konkurencji i zwi\u0119ksz\u0105 warto\u015b\u0107 dla marek oraz fan\u00f3w!<\/p>\n","protected":false},"featured_media":180,"template":"","meta":{"pmpro_default_level":""},"product_cat":[43],"product_tag":[30,29,31,22],"class_list":{"0":"post-119","1":"product","2":"type-product","3":"status-publish","4":"has-post-thumbnail","6":"product_cat-scenariusze","7":"product_tag-filmy","8":"product_tag-reels","9":"product_tag-scenariusze","10":"product_tag-tiktok","11":"pmpro-has-access","13":"first","14":"instock","15":"virtual","16":"taxable","17":"purchasable","18":"product-type-simple"},"jetpack_sharing_enabled":true,"_links":{"self":[{"href":"https:\/\/sopranomarketing.pl\/sklep\/wp-json\/wp\/v2\/product\/119","targetHints":{"allow":["GET"]}}],"collection":[{"href":"https:\/\/sopranomarketing.pl\/sklep\/wp-json\/wp\/v2\/product"}],"about":[{"href":"https:\/\/sopranomarketing.pl\/sklep\/wp-json\/wp\/v2\/types\/product"}],"wp:featuredmedia":[{"embeddable":true,"href":"https:\/\/sopranomarketing.pl\/sklep\/wp-json\/wp\/v2\/media\/180"}],"wp:attachment":[{"href":"https:\/\/sopranomarketing.pl\/sklep\/wp-json\/wp\/v2\/media?parent=119"}],"wp:term":[{"taxonomy":"product_cat","embeddable":true,"href":"https:\/\/sopranomarketing.pl\/sklep\/wp-json\/wp\/v2\/product_cat?post=119"},{"taxonomy":"product_tag","embeddable":true,"href":"https:\/\/sopranomarketing.pl\/sklep\/wp-json\/wp\/v2\/product_tag?post=119"}],"curies":[{"name":"wp","href":"https:\/\/api.w.org\/{rel}","templated":true}]}}