{"id":118,"date":"2023-04-28T15:30:16","date_gmt":"2023-04-28T13:30:16","guid":{"rendered":"https:\/\/sopranomarketing.pl\/sklep\/?post_type=product&#038;p=118"},"modified":"2023-05-14T23:16:53","modified_gmt":"2023-05-14T21:16:53","slug":"spersonalizowane-scenariusze-do-filmow-reels-tiktok-10-w-pakiecie","status":"publish","type":"product","link":"https:\/\/sopranomarketing.pl\/sklep\/product\/spersonalizowane-scenariusze-do-filmow-reels-tiktok-10-w-pakiecie\/","title":{"rendered":"Social Media Marketing &#8211; 10 Spersonalizowanych Scenariuszy Do Film\u00f3w Dla Twojej Marki &#8211; Reels &#038; Tik Tok"},"content":{"rendered":"<p>Oto klucz do niezwyk\u0142ych, anga\u017cuj\u0105cych i oryginalnych film\u00f3w na Reels i TikTok &#8211; spersonalizowane scenariusze, kt\u00f3re zmieni\u0105 Twoje profile na platformach spo\u0142eczno\u015bciowych na prawdziwe pere\u0142ki! Wsp\u00f3\u0142pracuj\u0105c ze mn\u0105, otrzymasz unikalne pomys\u0142y, kt\u00f3re przyci\u0105gn\u0105 uwag\u0119 widz\u00f3w, zwi\u0119ksz\u0105 liczb\u0119 obserwuj\u0105cych i rozbudz\u0105 Twoj\u0105 kreatywno\u015b\u0107.<\/p>\n<p>Moja oferta obejmuje:<\/p>\n<ol>\n<li>Indywidualne scenariusze dopasowane do Twojego stylu i pasji.<\/li>\n<li>Trendy i aktualne tematy, kt\u00f3re s\u0105 na bie\u017c\u0105co z tym, co dzieje si\u0119 w \u015bwiecie social medi\u00f3w.<\/li>\n<li>Przyst\u0119pne wskaz\u00f3wki dotycz\u0105ce realizacji film\u00f3w, kt\u00f3re pomog\u0105 Ci w p\u00f3\u017aniejszej produkcji, nawet je\u015bli jeste\u015b pocz\u0105tkuj\u0105ca.<\/li>\n<li>Szybkie dostarczenie scenariuszy<\/li>\n<li>Bie\u017c\u0105ca wsp\u00f3\u0142praca, kt\u00f3ry s\u0142u\u017cy wsparciem i pomys\u0142ami na dalszy rozw\u00f3j Twojej obecno\u015bci w mediach spo\u0142eczno\u015bciowych.<\/li>\n<\/ol>\n<p>Oto, co zyskasz, korzystaj\u0105c z moich spersonalizowanych scenariuszy:<\/p>\n<p>\ud83c\udf1f Wi\u0119cej zaanga\u017cowania &#8211; Moje scenariusze s\u0105 tworzone z my\u015bl\u0105 o Twojej publiczno\u015bci, dzi\u0119ki czemu zyskasz wi\u0119cej lajk\u00f3w, komentarzy i udost\u0119pnie\u0144.<\/p>\n<p>\ud83c\udf1f Oryginalno\u015b\u0107 &#8211; Wybij si\u0119 z t\u0142umu, dzi\u0119ki unikalnym pomys\u0142om, kt\u00f3re pozwol\u0105 Ci zbudowa\u0107 Twoj\u0105 mark\u0119 i wyr\u00f3\u017cni\u0107 si\u0119 na tle konkurencji.<\/p>\n<p>\ud83c\udf1f Profesjonalizm &#8211; Wiem jak tworzy\u0107 anga\u017cuj\u0105ce i efektowne scenariusze, kt\u00f3re zaciekawi\u0105 Twoj\u0105 publiczno\u015b\u0107.<\/p>\n<p>\ud83c\udf1f Zdobywanie nowych obserwuj\u0105cych &#8211; Dzi\u0119ki moim scenariuszom przyci\u0105gniesz wi\u0119cej os\u00f3b zainteresowanych Twoj\u0105 tw\u00f3rczo\u015bci\u0105 i zbudujesz siln\u0105 spo\u0142eczno\u015b\u0107.<\/p>\n<p>Nie czekaj! Zacznij tworzy\u0107 niesamowite filmy na Reels i TikTok dzi\u0119ki moim spersonalizowanym scenariuszom!<\/p>\n","protected":false},"excerpt":{"rendered":"<p>Odkryj klucz do niezwyk\u0142ych film\u00f3w na Reels i TikTok &#8211; spersonalizowane scenariusze! Zyskaj unikalne pomys\u0142y, zwi\u0119ksz zaanga\u017cowanie i rozwijaj kreatywno\u015b\u0107. Oferuj\u0119 indywidualne scenariusze, trendy tematy, przyst\u0119pne wskaz\u00f3wki, szybk\u0105 realizacj\u0119 i wsparcie. Wybij si\u0119 z t\u0142umu, zdobywaj nowych obserwuj\u0105cych i b\u0105d\u017a profesjonalna. Zacznij tworzy\u0107 niesamowite filmy dzi\u0119ki moim spersonalizowanym scenariuszom!<\/p>\n","protected":false},"featured_media":175,"template":"","meta":{"pmpro_default_level":""},"product_cat":[43],"product_tag":[30,29,31,22],"class_list":{"0":"post-118","1":"product","2":"type-product","3":"status-publish","4":"has-post-thumbnail","6":"product_cat-scenariusze","7":"product_tag-filmy","8":"product_tag-reels","9":"product_tag-scenariusze","10":"product_tag-tiktok","11":"pmpro-has-access","13":"first","14":"instock","15":"downloadable","16":"sold-individually","17":"taxable","18":"shipping-taxable","19":"purchasable","20":"product-type-simple"},"jetpack_sharing_enabled":true,"_links":{"self":[{"href":"https:\/\/sopranomarketing.pl\/sklep\/wp-json\/wp\/v2\/product\/118","targetHints":{"allow":["GET"]}}],"collection":[{"href":"https:\/\/sopranomarketing.pl\/sklep\/wp-json\/wp\/v2\/product"}],"about":[{"href":"https:\/\/sopranomarketing.pl\/sklep\/wp-json\/wp\/v2\/types\/product"}],"wp:featuredmedia":[{"embeddable":true,"href":"https:\/\/sopranomarketing.pl\/sklep\/wp-json\/wp\/v2\/media\/175"}],"wp:attachment":[{"href":"https:\/\/sopranomarketing.pl\/sklep\/wp-json\/wp\/v2\/media?parent=118"}],"wp:term":[{"taxonomy":"product_cat","embeddable":true,"href":"https:\/\/sopranomarketing.pl\/sklep\/wp-json\/wp\/v2\/product_cat?post=118"},{"taxonomy":"product_tag","embeddable":true,"href":"https:\/\/sopranomarketing.pl\/sklep\/wp-json\/wp\/v2\/product_tag?post=118"}],"curies":[{"name":"wp","href":"https:\/\/api.w.org\/{rel}","templated":true}]}}