{"id":53,"date":"2023-04-01T17:47:30","date_gmt":"2023-04-01T15:47:30","guid":{"rendered":"https:\/\/sopranomarketing.pl\/sklep\/?page_id=53"},"modified":"2024-12-03T20:01:37","modified_gmt":"2024-12-03T19:01:37","slug":"platnosci","status":"publish","type":"page","link":"https:\/\/sopranomarketing.pl\/sklep\/platnosci\/","title":{"rendered":"P\u0142atno\u015bci"},"content":{"rendered":"<p><strong>P\u0142atno\u015bci w Stripe<\/strong><br>W moim sklepie oferuj\u0119 bezpieczne, szybkie i wygodne p\u0142atno\u015bci online dzi\u0119ki wsp\u00f3\u0142pracy ze Stripe \u2013 jednym z najbardziej zaufanych globalnych dostawc\u00f3w us\u0142ug p\u0142atno\u015bci.<\/p><p>W moim sklepie mo\u017cesz korzysta\u0107 ze Stripe, aby dokonywa\u0107 p\u0142atno\u015bci za swoje zakupy w spos\u00f3b prosty i intuicyjny. Oto kilka powod\u00f3w, dla kt\u00f3rych warto wybra\u0107 Stripe:<\/p><ul class=\"wp-block-list\"><li><strong>Szeroki wyb\u00f3r metod p\u0142atno\u015bci:<\/strong> Stripe obs\u0142uguje r\u00f3\u017cnorodne metody p\u0142atno\u015bci, takie jak karty kredytowe, karty debetowe, przelewy bankowe, portfele elektroniczne (Apple Pay, Google Pay), a tak\u017ce lokalne metody p\u0142atno\u015bci dost\u0119pne w Twoim kraju.<\/li>\n\n<li><strong>Bezpiecze\u0144stwo:<\/strong> Stripe stosuje najnowsze technologie zabezpieczaj\u0105ce, w tym szyfrowanie SSL\/TLS, tokenizacj\u0119 danych kart p\u0142atniczych oraz dwusk\u0142adnikow\u0105 autoryzacj\u0119 (3D Secure), aby zapewni\u0107 maksymaln\u0105 ochron\u0119 Twoich danych.<\/li>\n\n<li><strong>Szybko\u015b\u0107:<\/strong> Stripe przetwarza p\u0142atno\u015bci natychmiast, co oznacza, \u017ce zam\u00f3wienia mog\u0105 by\u0107 realizowane niemal od razu.<\/li>\n\n<li><strong>Globalny zasi\u0119g:<\/strong> Stripe obs\u0142uguje p\u0142atno\u015bci w wielu walutach i krajach, co czyni go idealnym rozwi\u0105zaniem dla klient\u00f3w z ca\u0142ego \u015bwiata.<\/li><\/ul><h3 class=\"wp-block-heading\">Jak dokona\u0107 p\u0142atno\u015bci za pomoc\u0105 Stripe w naszym sklepie?<\/h3><ol class=\"wp-block-list\"><li>Dodaj wybrane produkty do koszyka.<\/li>\n\n<li>Przejd\u017a do strony koszyka i kliknij przycisk \u201ePrzejd\u017a do kasy\u201d.<\/li>\n\n<li>Wype\u0142nij dane do wysy\u0142ki i faktury.<\/li>\n\n<li>Wybierz Stripe jako metod\u0119 p\u0142atno\u015bci.<\/li>\n\n<li>Wprowad\u017a dane karty p\u0142atniczej \/ BLIK \/ Przelewy 24 <\/li>\n\n<li>Kliknij \u201eZ\u0142\u00f3\u017c zam\u00f3wienie\u201d, aby zako\u0144czy\u0107 proces p\u0142atno\u015bci.<\/li>\n\n<li>Po zatwierdzeniu p\u0142atno\u015bci zostaniesz przekierowany z powrotem do naszego sklepu, gdzie otrzymasz potwierdzenie zam\u00f3wienia.<\/li><\/ol><p>Zapewniam, \u017ce Twoje zakupy b\u0119d\u0105 bezpieczne, szybkie i wygodne dzi\u0119ki Stripe \u2013 \u015bwiatowej klasy rozwi\u0105zaniu p\u0142atniczemu.<\/p>","protected":false},"excerpt":{"rendered":"<p>P\u0142atno\u015bci w StripeW moim sklepie oferuj\u0119 bezpieczne, szybkie i wygodne p\u0142atno\u015bci online dzi\u0119ki wsp\u00f3\u0142pracy ze Stripe \u2013 jednym z najbardziej zaufanych globalnych dostawc\u00f3w us\u0142ug p\u0142atno\u015bci. W moim sklepie mo\u017cesz korzysta\u0107 ze Stripe, aby dokonywa\u0107 p\u0142atno\u015bci za swoje zakupy w spos\u00f3b prosty i intuicyjny. Oto kilka powod\u00f3w, dla kt\u00f3rych warto wybra\u0107 Stripe: Jak dokona\u0107 p\u0142atno\u015bci za [&hellip;]<\/p>\n","protected":false},"author":1,"featured_media":0,"parent":0,"menu_order":0,"comment_status":"closed","ping_status":"closed","template":"","meta":{"pmpro_default_level":"","footnotes":""},"class_list":["post-53","page","type-page","status-publish","hentry","pmpro-has-access"],"jetpack_sharing_enabled":true,"_links":{"self":[{"href":"https:\/\/sopranomarketing.pl\/sklep\/wp-json\/wp\/v2\/pages\/53","targetHints":{"allow":["GET"]}}],"collection":[{"href":"https:\/\/sopranomarketing.pl\/sklep\/wp-json\/wp\/v2\/pages"}],"about":[{"href":"https:\/\/sopranomarketing.pl\/sklep\/wp-json\/wp\/v2\/types\/page"}],"author":[{"embeddable":true,"href":"https:\/\/sopranomarketing.pl\/sklep\/wp-json\/wp\/v2\/users\/1"}],"replies":[{"embeddable":true,"href":"https:\/\/sopranomarketing.pl\/sklep\/wp-json\/wp\/v2\/comments?post=53"}],"version-history":[{"count":4,"href":"https:\/\/sopranomarketing.pl\/sklep\/wp-json\/wp\/v2\/pages\/53\/revisions"}],"predecessor-version":[{"id":389,"href":"https:\/\/sopranomarketing.pl\/sklep\/wp-json\/wp\/v2\/pages\/53\/revisions\/389"}],"wp:attachment":[{"href":"https:\/\/sopranomarketing.pl\/sklep\/wp-json\/wp\/v2\/media?parent=53"}],"curies":[{"name":"wp","href":"https:\/\/api.w.org\/{rel}","templated":true}]}}