{"id":44,"date":"2023-04-01T17:43:35","date_gmt":"2023-04-01T15:43:35","guid":{"rendered":"https:\/\/sopranomarketing.pl\/sklep\/?page_id=44"},"modified":"2024-02-06T21:30:17","modified_gmt":"2024-02-06T20:30:17","slug":"homepage","status":"publish","type":"page","link":"https:\/\/sopranomarketing.pl\/sklep\/","title":{"rendered":""},"content":{"rendered":"<div class=\"wp-block-group\"><div class=\"wp-block-group__inner-container is-layout-constrained wp-block-group-is-layout-constrained\"><\/div><\/div><h2 class=\"wp-block-heading has-text-align-center\">Spersonalizowane Scenariusze na Reels&amp;TikTok<\/h2><div data-block-name=\"woocommerce\/product-category\" data-categories=\"[43]\" class=\"wc-block-grid wp-block-product-category wc-block-product-category has-3-columns has-multiple-rows\"><ul class=\"wc-block-grid__products\"><li class=\"wc-block-grid__product\">\n\t\t\t\t<a href=\"https:\/\/sopranomarketing.pl\/sklep\/product\/scenariusze-pod-wspolprace-z-markami-1-scenariusz\/\" class=\"wc-block-grid__product-link\">\n\t\t\t\t\t\n\t\t\t\t\t<div class=\"wc-block-grid__product-image\"><img loading=\"lazy\" decoding=\"async\" width=\"324\" height=\"324\" src=\"https:\/\/sopranomarketing.pl\/sklep\/wp-content\/uploads\/2023\/04\/20230503_213444_0000-1-324x324.png\" class=\"attachment-woocommerce_thumbnail size-woocommerce_thumbnail\" alt=\"Influencer Marketing - Scenariusz Do Filmu - Wsp\u00f3\u0142praca z Mark\u0105 Zewn\u0119trzn\u0105\" srcset=\"https:\/\/sopranomarketing.pl\/sklep\/wp-content\/uploads\/2023\/04\/20230503_213444_0000-1-324x324.png 324w, https:\/\/sopranomarketing.pl\/sklep\/wp-content\/uploads\/2023\/04\/20230503_213444_0000-1-300x300.png 300w, https:\/\/sopranomarketing.pl\/sklep\/wp-content\/uploads\/2023\/04\/20230503_213444_0000-1-1024x1024.png 1024w, https:\/\/sopranomarketing.pl\/sklep\/wp-content\/uploads\/2023\/04\/20230503_213444_0000-1-150x150.png 150w, https:\/\/sopranomarketing.pl\/sklep\/wp-content\/uploads\/2023\/04\/20230503_213444_0000-1-768x768.png 768w, https:\/\/sopranomarketing.pl\/sklep\/wp-content\/uploads\/2023\/04\/20230503_213444_0000-1-416x416.png 416w, https:\/\/sopranomarketing.pl\/sklep\/wp-content\/uploads\/2023\/04\/20230503_213444_0000-1-100x100.png 100w, https:\/\/sopranomarketing.pl\/sklep\/wp-content\/uploads\/2023\/04\/20230503_213444_0000-1.png 1080w\" sizes=\"auto, (max-width: 324px) 100vw, 324px\" \/><\/div>\n\t\t\t\t\t<div class=\"wc-block-grid__product-title\">Influencer Marketing &#8211; Scenariusz Do Filmu &#8211; Wsp\u00f3\u0142praca z Mark\u0105 Zewn\u0119trzn\u0105<\/div>\n\t\t\t\t<\/a>\n\t\t\t\t<div class=\"wc-block-grid__product-price price\"><span class=\"woocommerce-Price-amount amount\">379,00&nbsp;<span class=\"woocommerce-Price-currencySymbol\">&#122;&#322;<\/span><\/span><\/div>\n\t\t\t\t\n\t\t\t\t<div class=\"wp-block-button wc-block-grid__product-add-to-cart\"><a href=\"?add-to-cart=119\" aria-label=\"Dodaj do koszyka: &bdquo;Influencer Marketing - Scenariusz Do Filmu - Wsp\u00f3\u0142praca z Mark\u0105 Zewn\u0119trzn\u0105&rdquo;\" data-quantity=\"1\" data-product_id=\"119\" data-product_sku=\"\" data-price=\"379\" rel=\"nofollow\" class=\"wp-block-button__link  add_to_cart_button ajax_add_to_cart\">Dodaj do koszyka<\/a><\/div>\n\t\t\t<\/li><li class=\"wc-block-grid__product\">\n\t\t\t\t<a href=\"https:\/\/sopranomarketing.pl\/sklep\/product\/spersonalizowane-scenariusze-do-filmow-reels-tiktok-10-w-pakiecie\/\" class=\"wc-block-grid__product-link\">\n\t\t\t\t\t\n\t\t\t\t\t<div class=\"wc-block-grid__product-image\"><img loading=\"lazy\" decoding=\"async\" width=\"324\" height=\"324\" src=\"https:\/\/sopranomarketing.pl\/sklep\/wp-content\/uploads\/2023\/04\/20230503_213444_0002-324x324.png\" class=\"attachment-woocommerce_thumbnail size-woocommerce_thumbnail\" alt=\"Social Media Marketing - 10 Spersonalizowanych Scenariuszy Do Film\u00f3w Dla Twojej Marki - Reels &amp; Tik Tok\" srcset=\"https:\/\/sopranomarketing.pl\/sklep\/wp-content\/uploads\/2023\/04\/20230503_213444_0002-324x324.png 324w, https:\/\/sopranomarketing.pl\/sklep\/wp-content\/uploads\/2023\/04\/20230503_213444_0002-300x300.png 300w, https:\/\/sopranomarketing.pl\/sklep\/wp-content\/uploads\/2023\/04\/20230503_213444_0002-1024x1024.png 1024w, https:\/\/sopranomarketing.pl\/sklep\/wp-content\/uploads\/2023\/04\/20230503_213444_0002-150x150.png 150w, https:\/\/sopranomarketing.pl\/sklep\/wp-content\/uploads\/2023\/04\/20230503_213444_0002-768x768.png 768w, https:\/\/sopranomarketing.pl\/sklep\/wp-content\/uploads\/2023\/04\/20230503_213444_0002-416x416.png 416w, https:\/\/sopranomarketing.pl\/sklep\/wp-content\/uploads\/2023\/04\/20230503_213444_0002-100x100.png 100w, https:\/\/sopranomarketing.pl\/sklep\/wp-content\/uploads\/2023\/04\/20230503_213444_0002.png 1080w\" sizes=\"auto, (max-width: 324px) 100vw, 324px\" \/><\/div>\n\t\t\t\t\t<div class=\"wc-block-grid__product-title\">Social Media Marketing &#8211; 10 Spersonalizowanych Scenariuszy Do Film\u00f3w Dla Twojej Marki &#8211; Reels &amp; Tik Tok<\/div>\n\t\t\t\t<\/a>\n\t\t\t\t<div class=\"wc-block-grid__product-price price\"><span class=\"woocommerce-Price-amount amount\">749,00&nbsp;<span class=\"woocommerce-Price-currencySymbol\">&#122;&#322;<\/span><\/span><\/div>\n\t\t\t\t\n\t\t\t\t<div class=\"wp-block-button wc-block-grid__product-add-to-cart\"><a href=\"?add-to-cart=118\" aria-label=\"Dodaj do koszyka: &bdquo;Social Media Marketing - 10 Spersonalizowanych Scenariuszy Do Film\u00f3w Dla Twojej Marki - Reels &amp; Tik Tok&rdquo;\" data-quantity=\"1\" data-product_id=\"118\" data-product_sku=\"\" data-price=\"749\" rel=\"nofollow\" class=\"wp-block-button__link  add_to_cart_button ajax_add_to_cart\">Dodaj do koszyka<\/a><\/div>\n\t\t\t<\/li><li class=\"wc-block-grid__product\">\n\t\t\t\t<a href=\"https:\/\/sopranomarketing.pl\/sklep\/product\/spersonalizowane-scenariusze-do-filmow-reels-tiktok-5-w-pakiecie\/\" class=\"wc-block-grid__product-link\">\n\t\t\t\t\t\n\t\t\t\t\t<div class=\"wc-block-grid__product-image\"><img loading=\"lazy\" decoding=\"async\" width=\"324\" height=\"324\" src=\"https:\/\/sopranomarketing.pl\/sklep\/wp-content\/uploads\/2023\/04\/20230503_213444_0001-324x324.png\" class=\"attachment-woocommerce_thumbnail size-woocommerce_thumbnail\" alt=\"Social Media Marketing - 5 Spersonalizowanych Scenariuszy Do Film\u00f3w Dla Twojej Marki - Reels &amp; Tik Tok\" srcset=\"https:\/\/sopranomarketing.pl\/sklep\/wp-content\/uploads\/2023\/04\/20230503_213444_0001-324x324.png 324w, https:\/\/sopranomarketing.pl\/sklep\/wp-content\/uploads\/2023\/04\/20230503_213444_0001-300x300.png 300w, https:\/\/sopranomarketing.pl\/sklep\/wp-content\/uploads\/2023\/04\/20230503_213444_0001-1024x1024.png 1024w, https:\/\/sopranomarketing.pl\/sklep\/wp-content\/uploads\/2023\/04\/20230503_213444_0001-150x150.png 150w, https:\/\/sopranomarketing.pl\/sklep\/wp-content\/uploads\/2023\/04\/20230503_213444_0001-768x768.png 768w, https:\/\/sopranomarketing.pl\/sklep\/wp-content\/uploads\/2023\/04\/20230503_213444_0001-416x416.png 416w, https:\/\/sopranomarketing.pl\/sklep\/wp-content\/uploads\/2023\/04\/20230503_213444_0001-100x100.png 100w, https:\/\/sopranomarketing.pl\/sklep\/wp-content\/uploads\/2023\/04\/20230503_213444_0001.png 1080w\" sizes=\"auto, (max-width: 324px) 100vw, 324px\" \/><\/div>\n\t\t\t\t\t<div class=\"wc-block-grid__product-title\">Social Media Marketing &#8211; 5 Spersonalizowanych Scenariuszy Do Film\u00f3w Dla Twojej Marki &#8211; Reels &amp; Tik Tok<\/div>\n\t\t\t\t<\/a>\n\t\t\t\t<div class=\"wc-block-grid__product-price price\"><span class=\"woocommerce-Price-amount amount\">429,00&nbsp;<span class=\"woocommerce-Price-currencySymbol\">&#122;&#322;<\/span><\/span><\/div>\n\t\t\t\t\n\t\t\t\t<div class=\"wp-block-button wc-block-grid__product-add-to-cart\"><a href=\"?add-to-cart=62\" aria-label=\"Dodaj do koszyka: &bdquo;Social Media Marketing - 5 Spersonalizowanych Scenariuszy Do Film\u00f3w Dla Twojej Marki - Reels &amp; Tik Tok&rdquo;\" data-quantity=\"1\" data-product_id=\"62\" data-product_sku=\"\" data-price=\"429\" rel=\"nofollow\" class=\"wp-block-button__link  add_to_cart_button ajax_add_to_cart\">Dodaj do koszyka<\/a><\/div>\n\t\t\t<\/li><\/ul><\/div><h2 class=\"wp-block-heading has-text-align-center\">Indywidualna Praca z Klientem<\/h2><div data-block-name=\"woocommerce\/product-category\" data-categories=\"[45]\" class=\"wc-block-grid wp-block-product-category wc-block-product-category has-3-columns has-multiple-rows\"><ul class=\"wc-block-grid__products\"><li class=\"wc-block-grid__product\">\n\t\t\t\t<a href=\"https:\/\/sopranomarketing.pl\/sklep\/product\/nauka-tworzenia-dochodowej-kampanii-sprzedazowej-3-4-spotkania-po-15-godziny\/\" class=\"wc-block-grid__product-link\">\n\t\t\t\t\t\n\t\t\t\t\t<div class=\"wc-block-grid__product-image\"><img loading=\"lazy\" decoding=\"async\" width=\"324\" height=\"324\" src=\"https:\/\/sopranomarketing.pl\/sklep\/wp-content\/uploads\/2024\/12\/nauka-tworzenia-kampani-sprzedazowej-324x324.png\" class=\"attachment-woocommerce_thumbnail size-woocommerce_thumbnail\" alt=\"Nauka tworzenia dochodowej kampanii sprzeda\u017cowej (3\u20134 spotkania po 1,5 godziny)\" srcset=\"https:\/\/sopranomarketing.pl\/sklep\/wp-content\/uploads\/2024\/12\/nauka-tworzenia-kampani-sprzedazowej-324x324.png 324w, https:\/\/sopranomarketing.pl\/sklep\/wp-content\/uploads\/2024\/12\/nauka-tworzenia-kampani-sprzedazowej-300x300.png 300w, https:\/\/sopranomarketing.pl\/sklep\/wp-content\/uploads\/2024\/12\/nauka-tworzenia-kampani-sprzedazowej-1024x1024.png 1024w, https:\/\/sopranomarketing.pl\/sklep\/wp-content\/uploads\/2024\/12\/nauka-tworzenia-kampani-sprzedazowej-150x150.png 150w, https:\/\/sopranomarketing.pl\/sklep\/wp-content\/uploads\/2024\/12\/nauka-tworzenia-kampani-sprzedazowej-768x768.png 768w, https:\/\/sopranomarketing.pl\/sklep\/wp-content\/uploads\/2024\/12\/nauka-tworzenia-kampani-sprzedazowej-416x416.png 416w, https:\/\/sopranomarketing.pl\/sklep\/wp-content\/uploads\/2024\/12\/nauka-tworzenia-kampani-sprzedazowej-100x100.png 100w, https:\/\/sopranomarketing.pl\/sklep\/wp-content\/uploads\/2024\/12\/nauka-tworzenia-kampani-sprzedazowej.png 1080w\" sizes=\"auto, (max-width: 324px) 100vw, 324px\" \/><\/div>\n\t\t\t\t\t<div class=\"wc-block-grid__product-title\">Nauka tworzenia dochodowej kampanii sprzeda\u017cowej (3\u20134 spotkania po 1,5 godziny)<\/div>\n\t\t\t\t<\/a>\n\t\t\t\t<div class=\"wc-block-grid__product-price price\"><span class=\"woocommerce-Price-amount amount\">3500,00&nbsp;<span class=\"woocommerce-Price-currencySymbol\">&#122;&#322;<\/span><\/span><\/div>\n\t\t\t\t\n\t\t\t\t<div class=\"wp-block-button wc-block-grid__product-add-to-cart\"><a href=\"?add-to-cart=387\" aria-label=\"Dodaj do koszyka: &bdquo;Nauka tworzenia dochodowej kampanii sprzeda\u017cowej (3\u20134 spotkania po 1,5 godziny)&rdquo;\" data-quantity=\"1\" data-product_id=\"387\" data-product_sku=\"\" data-price=\"3500\" rel=\"nofollow\" class=\"wp-block-button__link  add_to_cart_button ajax_add_to_cart\">Dodaj do koszyka<\/a><\/div>\n\t\t\t<\/li><li class=\"wc-block-grid__product\">\n\t\t\t\t<a href=\"https:\/\/sopranomarketing.pl\/sklep\/product\/konsultacja-biznesowa-rozwoj-marki-1-godzina\/\" class=\"wc-block-grid__product-link\">\n\t\t\t\t\t\n\t\t\t\t\t<div class=\"wc-block-grid__product-image\"><img loading=\"lazy\" decoding=\"async\" width=\"324\" height=\"324\" src=\"https:\/\/sopranomarketing.pl\/sklep\/wp-content\/uploads\/2024\/12\/konsultacja-biznesowa-marka-godzina-324x324.png\" class=\"attachment-woocommerce_thumbnail size-woocommerce_thumbnail\" alt=\"Konsultacja Biznesowa - Rozw\u00f3j marki 1 godzina\" srcset=\"https:\/\/sopranomarketing.pl\/sklep\/wp-content\/uploads\/2024\/12\/konsultacja-biznesowa-marka-godzina-324x324.png 324w, https:\/\/sopranomarketing.pl\/sklep\/wp-content\/uploads\/2024\/12\/konsultacja-biznesowa-marka-godzina-300x300.png 300w, https:\/\/sopranomarketing.pl\/sklep\/wp-content\/uploads\/2024\/12\/konsultacja-biznesowa-marka-godzina-1024x1024.png 1024w, https:\/\/sopranomarketing.pl\/sklep\/wp-content\/uploads\/2024\/12\/konsultacja-biznesowa-marka-godzina-150x150.png 150w, https:\/\/sopranomarketing.pl\/sklep\/wp-content\/uploads\/2024\/12\/konsultacja-biznesowa-marka-godzina-768x768.png 768w, https:\/\/sopranomarketing.pl\/sklep\/wp-content\/uploads\/2024\/12\/konsultacja-biznesowa-marka-godzina-416x416.png 416w, https:\/\/sopranomarketing.pl\/sklep\/wp-content\/uploads\/2024\/12\/konsultacja-biznesowa-marka-godzina-100x100.png 100w, https:\/\/sopranomarketing.pl\/sklep\/wp-content\/uploads\/2024\/12\/konsultacja-biznesowa-marka-godzina.png 1080w\" sizes=\"auto, (max-width: 324px) 100vw, 324px\" \/><\/div>\n\t\t\t\t\t<div class=\"wc-block-grid__product-title\">Konsultacja Biznesowa &#8211; Rozw\u00f3j marki 1 godzina<\/div>\n\t\t\t\t<\/a>\n\t\t\t\t<div class=\"wc-block-grid__product-price price\"><span class=\"woocommerce-Price-amount amount\">600,00&nbsp;<span class=\"woocommerce-Price-currencySymbol\">&#122;&#322;<\/span><\/span><\/div>\n\t\t\t\t\n\t\t\t\t<div class=\"wp-block-button wc-block-grid__product-add-to-cart\"><a href=\"?add-to-cart=384\" aria-label=\"Dodaj do koszyka: &bdquo;Konsultacja Biznesowa - Rozw\u00f3j marki 1 godzina&rdquo;\" data-quantity=\"1\" data-product_id=\"384\" data-product_sku=\"\" data-price=\"600\" rel=\"nofollow\" class=\"wp-block-button__link  add_to_cart_button ajax_add_to_cart\">Dodaj do koszyka<\/a><\/div>\n\t\t\t<\/li><li class=\"wc-block-grid__product\">\n\t\t\t\t<a href=\"https:\/\/sopranomarketing.pl\/sklep\/product\/konsultacja-social-media-1-5-godziny\/\" class=\"wc-block-grid__product-link\">\n\t\t\t\t\t\n\t\t\t\t\t<div class=\"wc-block-grid__product-image\"><img loading=\"lazy\" decoding=\"async\" width=\"324\" height=\"324\" src=\"https:\/\/sopranomarketing.pl\/sklep\/wp-content\/uploads\/2024\/12\/konsultacja-social-media-324x324.png\" class=\"attachment-woocommerce_thumbnail size-woocommerce_thumbnail\" alt=\"Konsultacja - Social media 1.5 godziny\" srcset=\"https:\/\/sopranomarketing.pl\/sklep\/wp-content\/uploads\/2024\/12\/konsultacja-social-media-324x324.png 324w, https:\/\/sopranomarketing.pl\/sklep\/wp-content\/uploads\/2024\/12\/konsultacja-social-media-300x300.png 300w, https:\/\/sopranomarketing.pl\/sklep\/wp-content\/uploads\/2024\/12\/konsultacja-social-media-1024x1024.png 1024w, https:\/\/sopranomarketing.pl\/sklep\/wp-content\/uploads\/2024\/12\/konsultacja-social-media-150x150.png 150w, https:\/\/sopranomarketing.pl\/sklep\/wp-content\/uploads\/2024\/12\/konsultacja-social-media-768x768.png 768w, https:\/\/sopranomarketing.pl\/sklep\/wp-content\/uploads\/2024\/12\/konsultacja-social-media-416x416.png 416w, https:\/\/sopranomarketing.pl\/sklep\/wp-content\/uploads\/2024\/12\/konsultacja-social-media-100x100.png 100w, https:\/\/sopranomarketing.pl\/sklep\/wp-content\/uploads\/2024\/12\/konsultacja-social-media.png 1080w\" sizes=\"auto, (max-width: 324px) 100vw, 324px\" \/><\/div>\n\t\t\t\t\t<div class=\"wc-block-grid__product-title\">Konsultacja &#8211; Social media 1.5 godziny<\/div>\n\t\t\t\t<\/a>\n\t\t\t\t<div class=\"wc-block-grid__product-price price\"><span class=\"woocommerce-Price-amount amount\">550,00&nbsp;<span class=\"woocommerce-Price-currencySymbol\">&#122;&#322;<\/span><\/span><\/div>\n\t\t\t\t\n\t\t\t\t<div class=\"wp-block-button wc-block-grid__product-add-to-cart\"><a href=\"?add-to-cart=383\" aria-label=\"Dodaj do koszyka: &bdquo;Konsultacja - Social media 1.5 godziny&rdquo;\" data-quantity=\"1\" data-product_id=\"383\" data-product_sku=\"\" data-price=\"550\" rel=\"nofollow\" class=\"wp-block-button__link  add_to_cart_button ajax_add_to_cart\">Dodaj do koszyka<\/a><\/div>\n\t\t\t<\/li><\/ul><\/div><h2 class=\"wp-block-heading has-text-align-center\">Szkolenia<\/h2><h2 class=\"wp-block-heading has-text-align-center\">E-booki<\/h2><div data-block-name=\"woocommerce\/product-category\" data-categories=\"[44]\" class=\"wc-block-grid wp-block-product-category wc-block-product-category has-3-columns has-multiple-rows\"><ul class=\"wc-block-grid__products\"><li class=\"wc-block-grid__product\">\n\t\t\t\t<a href=\"https:\/\/sopranomarketing.pl\/sklep\/product\/poczatki-hooki-do-filmow-na-tiktok-reels\/\" class=\"wc-block-grid__product-link\">\n\t\t\t\t\t<div class=\"wc-block-grid__product-onsale\">\n\t\t\t<span aria-hidden=\"true\">Promocja<\/span>\n\t\t\t<span class=\"screen-reader-text\">Produkt w promocji<\/span>\n\t\t<\/div>\n\t\t\t\t\t<div class=\"wc-block-grid__product-image\"><img loading=\"lazy\" decoding=\"async\" width=\"324\" height=\"324\" src=\"https:\/\/sopranomarketing.pl\/sklep\/wp-content\/uploads\/2023\/04\/20230503_213444_0003-324x324.png\" class=\"attachment-woocommerce_thumbnail size-woocommerce_thumbnail\" alt=\"300 Pomys\u0142\u00f3w Na HOOK - czyli Przyci\u0105gaj\u0105ce Uwag\u0119 Pocz\u0105tki Film\u00f3w\" srcset=\"https:\/\/sopranomarketing.pl\/sklep\/wp-content\/uploads\/2023\/04\/20230503_213444_0003-324x324.png 324w, https:\/\/sopranomarketing.pl\/sklep\/wp-content\/uploads\/2023\/04\/20230503_213444_0003-300x300.png 300w, https:\/\/sopranomarketing.pl\/sklep\/wp-content\/uploads\/2023\/04\/20230503_213444_0003-1024x1024.png 1024w, https:\/\/sopranomarketing.pl\/sklep\/wp-content\/uploads\/2023\/04\/20230503_213444_0003-150x150.png 150w, https:\/\/sopranomarketing.pl\/sklep\/wp-content\/uploads\/2023\/04\/20230503_213444_0003-768x768.png 768w, https:\/\/sopranomarketing.pl\/sklep\/wp-content\/uploads\/2023\/04\/20230503_213444_0003-416x416.png 416w, https:\/\/sopranomarketing.pl\/sklep\/wp-content\/uploads\/2023\/04\/20230503_213444_0003-100x100.png 100w, https:\/\/sopranomarketing.pl\/sklep\/wp-content\/uploads\/2023\/04\/20230503_213444_0003.png 1080w\" sizes=\"auto, (max-width: 324px) 100vw, 324px\" \/><\/div>\n\t\t\t\t\t<div class=\"wc-block-grid__product-title\">300 Pomys\u0142\u00f3w Na HOOK &#8211; czyli Przyci\u0105gaj\u0105ce Uwag\u0119 Pocz\u0105tki Film\u00f3w<\/div>\n\t\t\t\t<\/a>\n\t\t\t\t<div class=\"wc-block-grid__product-price price\"><del aria-hidden=\"true\"><span class=\"woocommerce-Price-amount amount\">79,99&nbsp;<span class=\"woocommerce-Price-currencySymbol\">&#122;&#322;<\/span><\/span><\/del> <span class=\"screen-reader-text\">Pierwotna cena wynosi\u0142a: 79,99&nbsp;&#122;&#322;.<\/span><ins aria-hidden=\"true\"><span class=\"woocommerce-Price-amount amount\">29,99&nbsp;<span class=\"woocommerce-Price-currencySymbol\">&#122;&#322;<\/span><\/span><\/ins><span class=\"screen-reader-text\">Aktualna cena wynosi: 29,99&nbsp;&#122;&#322;.<\/span><\/div>\n\t\t\t\t\n\t\t\t\t<div class=\"wp-block-button wc-block-grid__product-add-to-cart\"><a href=\"?add-to-cart=12\" aria-label=\"Dodaj do koszyka: &bdquo;300 Pomys\u0142\u00f3w Na HOOK - czyli Przyci\u0105gaj\u0105ce Uwag\u0119 Pocz\u0105tki Film\u00f3w&rdquo;\" data-quantity=\"1\" data-product_id=\"12\" data-product_sku=\"\" data-price=\"29.99\" rel=\"nofollow\" class=\"wp-block-button__link  add_to_cart_button ajax_add_to_cart\">Dodaj do koszyka<\/a><\/div>\n\t\t\t<\/li><\/ul><\/div><h2 class=\"wp-block-heading has-text-align-center\">Nadchodz\u0105ce Webinary<\/h2><ul class=\"wp-block-list\"><li><\/li><\/ul>","protected":false},"excerpt":{"rendered":"<p>Spersonalizowane Scenariusze na Reels&amp;TikTok Indywidualna Praca z Klientem Szkolenia E-booki Nadchodz\u0105ce Webinary<\/p>\n","protected":false},"author":1,"featured_media":0,"parent":0,"menu_order":0,"comment_status":"closed","ping_status":"closed","template":"template-fullwidth.php","meta":{"pmpro_default_level":"","footnotes":""},"class_list":["post-44","page","type-page","status-publish","hentry","pmpro-has-access"],"jetpack_sharing_enabled":true,"_links":{"self":[{"href":"https:\/\/sopranomarketing.pl\/sklep\/wp-json\/wp\/v2\/pages\/44","targetHints":{"allow":["GET"]}}],"collection":[{"href":"https:\/\/sopranomarketing.pl\/sklep\/wp-json\/wp\/v2\/pages"}],"about":[{"href":"https:\/\/sopranomarketing.pl\/sklep\/wp-json\/wp\/v2\/types\/page"}],"author":[{"embeddable":true,"href":"https:\/\/sopranomarketing.pl\/sklep\/wp-json\/wp\/v2\/users\/1"}],"replies":[{"embeddable":true,"href":"https:\/\/sopranomarketing.pl\/sklep\/wp-json\/wp\/v2\/comments?post=44"}],"version-history":[{"count":22,"href":"https:\/\/sopranomarketing.pl\/sklep\/wp-json\/wp\/v2\/pages\/44\/revisions"}],"predecessor-version":[{"id":293,"href":"https:\/\/sopranomarketing.pl\/sklep\/wp-json\/wp\/v2\/pages\/44\/revisions\/293"}],"wp:attachment":[{"href":"https:\/\/sopranomarketing.pl\/sklep\/wp-json\/wp\/v2\/media?parent=44"}],"curies":[{"name":"wp","href":"https:\/\/api.w.org\/{rel}","templated":true}]}}