{"id":304,"date":"2024-02-06T22:07:09","date_gmt":"2024-02-06T21:07:09","guid":{"rendered":"https:\/\/sopranomarketing.pl\/sklep\/rejestracja-studenta\/"},"modified":"2024-02-06T22:07:09","modified_gmt":"2024-02-06T21:07:09","slug":"rejestracja-studenta","status":"publish","type":"page","link":"https:\/\/sopranomarketing.pl\/sklep\/rejestracja-studenta\/","title":{"rendered":"Rejestracja studenta"},"content":{"rendered":"\n \n\t<div class=\"tutor-disabled-wrapper\">\n\t<div class=\"tutor-disabled-content-wrapper\">\n\t\t\t\t\t<div>\n\t\t\t\t<center>\n\t\t\t\t\t<img decoding=\"async\" src=\"https:\/\/sopranomarketing.pl\/sklep\/wp-content\/plugins\/tutor\/assets\/images\/construction.png\" alt=\"disabled\">\n\t\t\t\t<\/center>\n\t\t\t<\/div>\n\t\t\n\t\t<div>\n\t\t\t\t\t\t\t<h3>\n\t\t\t\t\tOooh! Brak dost\u0119pu\t\t\t\t<\/h3>\n\t\t\t\n\t\t\t\t\t\t\t<p>\n\t\t\t\t\tNie masz dost\u0119pu do tego obszaru aplikacji. Skontaktuj si\u0119 z administratorem.\t\t\t\t<\/p>\n\t\t\t\t\t<\/div>\n\n\t\t<div>\n\t\t\t\t\t\t\t<a href=\"https:\/\/sopranomarketing.pl\/sklep\" class=\"tutor-btn\">\n\t\t\t\t\tPrzejd\u017a do strony domowej\t\t\t\t<\/a>\n\t\t\t\t\t<\/div>\n\t<\/div>\n<\/div>\n","protected":false},"excerpt":{"rendered":"<p>Oooh! Brak dost\u0119pu Nie masz dost\u0119pu do tego obszaru aplikacji. Skontaktuj si\u0119 z administratorem. Przejd\u017a do strony domowej<\/p>\n","protected":false},"author":1,"featured_media":0,"parent":0,"menu_order":0,"comment_status":"closed","ping_status":"closed","template":"","meta":{"pmpro_default_level":"","footnotes":""},"class_list":["post-304","page","type-page","status-publish","hentry","pmpro-has-access"],"jetpack_sharing_enabled":true,"_links":{"self":[{"href":"https:\/\/sopranomarketing.pl\/sklep\/wp-json\/wp\/v2\/pages\/304","targetHints":{"allow":["GET"]}}],"collection":[{"href":"https:\/\/sopranomarketing.pl\/sklep\/wp-json\/wp\/v2\/pages"}],"about":[{"href":"https:\/\/sopranomarketing.pl\/sklep\/wp-json\/wp\/v2\/types\/page"}],"author":[{"embeddable":true,"href":"https:\/\/sopranomarketing.pl\/sklep\/wp-json\/wp\/v2\/users\/1"}],"replies":[{"embeddable":true,"href":"https:\/\/sopranomarketing.pl\/sklep\/wp-json\/wp\/v2\/comments?post=304"}],"version-history":[{"count":0,"href":"https:\/\/sopranomarketing.pl\/sklep\/wp-json\/wp\/v2\/pages\/304\/revisions"}],"wp:attachment":[{"href":"https:\/\/sopranomarketing.pl\/sklep\/wp-json\/wp\/v2\/media?parent=304"}],"curies":[{"name":"wp","href":"https:\/\/api.w.org\/{rel}","templated":true}]}}