{"id":303,"date":"2024-02-06T22:07:09","date_gmt":"2024-02-06T21:07:09","guid":{"rendered":"https:\/\/sopranomarketing.pl\/sklep\/kokpit\/"},"modified":"2024-02-06T22:07:09","modified_gmt":"2024-02-06T21:07:09","slug":"kokpit","status":"publish","type":"page","link":"https:\/\/sopranomarketing.pl\/sklep\/kokpit\/","title":{"rendered":"Kokpit"},"content":{"rendered":"Kliknij <a data-login_url=\"https:\/\/sopranomarketing.pl\/sklep\/login\/?redirect_to=https%3A%2F%2Fsopranomarketing.pl%2Fsklep%2Fwp-json%2Fwp%2Fv2%2Fpages%2F303\" href=\"#\" class=\"tutor-open-login-modal\">Rejestracja<\/a>, aby wy\u015bwietli\u0107 stron\u0119","protected":false},"excerpt":{"rendered":"<p>Kliknij Rejestracja, aby wy\u015bwietli\u0107 stron\u0119<\/p>\n","protected":false},"author":1,"featured_media":0,"parent":0,"menu_order":0,"comment_status":"closed","ping_status":"closed","template":"","meta":{"pmpro_default_level":"","footnotes":""},"class_list":["post-303","page","type-page","status-publish","hentry","pmpro-has-access"],"jetpack_sharing_enabled":true,"_links":{"self":[{"href":"https:\/\/sopranomarketing.pl\/sklep\/wp-json\/wp\/v2\/pages\/303","targetHints":{"allow":["GET"]}}],"collection":[{"href":"https:\/\/sopranomarketing.pl\/sklep\/wp-json\/wp\/v2\/pages"}],"about":[{"href":"https:\/\/sopranomarketing.pl\/sklep\/wp-json\/wp\/v2\/types\/page"}],"author":[{"embeddable":true,"href":"https:\/\/sopranomarketing.pl\/sklep\/wp-json\/wp\/v2\/users\/1"}],"replies":[{"embeddable":true,"href":"https:\/\/sopranomarketing.pl\/sklep\/wp-json\/wp\/v2\/comments?post=303"}],"version-history":[{"count":0,"href":"https:\/\/sopranomarketing.pl\/sklep\/wp-json\/wp\/v2\/pages\/303\/revisions"}],"wp:attachment":[{"href":"https:\/\/sopranomarketing.pl\/sklep\/wp-json\/wp\/v2\/media?parent=303"}],"curies":[{"name":"wp","href":"https:\/\/api.w.org\/{rel}","templated":true}]}}