{"id":151,"date":"2023-05-01T11:53:36","date_gmt":"2023-05-01T09:53:36","guid":{"rendered":"https:\/\/sopranomarketing.pl\/sklep\/?page_id=151"},"modified":"2023-05-01T11:55:10","modified_gmt":"2023-05-01T09:55:10","slug":"kontakt","status":"publish","type":"page","link":"https:\/\/sopranomarketing.pl\/sklep\/kontakt\/","title":{"rendered":"Kontakt"},"content":{"rendered":"<p>Cze\u015b\u0107! Dzi\u0119kuj\u0119 za zainteresowanie moim sklepem, w kt\u00f3rym znajdziesz webinary, ebooki oraz inne materia\u0142y edukacyjne dotycz\u0105ce budowania w\u0142asnej marki w social mediach. Jestem przekonana, \u017ce moje zasoby pomog\u0105 Ci rozwija\u0107 si\u0119 i osi\u0105ga\u0107 sukcesy w \u015bwiecie biznesu.<\/p><p>Oto informacje, kt\u00f3rych potrzebujesz, aby si\u0119 ze mn\u0105 skontaktowa\u0107:<\/p><p>E-mail:<a href=\"mailto:natalia@sopranomarketing.pl\"> natalia@sopranomarketing.pl<\/a><\/p><p>R\u00f3wnie\u017c zach\u0119cam do kontaktu poprzez <a href=\"https:\/\/www.instagram.com\/soprano_marketing\/\">Instagram<\/a><\/p><p>Je\u015bli masz pytania dotycz\u0105ce moich produkt\u00f3w, potrzebujesz dodatkowych informacji lub po prostu chcia\u0142aby\u015b podzieli\u0107 si\u0119 swoimi pomys\u0142ami i sugestiami, \u015bmia\u0142o napisz! Jestem tu po to, aby pom\u00f3c Ci w ka\u017cdym etapie budowania Twojej marki.<\/p><p>Odpowiem na Twoj\u0105 wiadomo\u015b\u0107 jak najszybciej, zazwyczaj w ci\u0105gu 24-48 godzin. Dzi\u0119kujemy za zaufanie, jakim obdarzasz moje materia\u0142y.<\/p><p><\/p>","protected":false},"excerpt":{"rendered":"<p>Cze\u015b\u0107! Dzi\u0119kuj\u0119 za zainteresowanie moim sklepem, w kt\u00f3rym znajdziesz webinary, ebooki oraz inne materia\u0142y edukacyjne dotycz\u0105ce budowania w\u0142asnej marki w social mediach. Jestem przekonana, \u017ce moje zasoby pomog\u0105 Ci rozwija\u0107 si\u0119 i osi\u0105ga\u0107 sukcesy w \u015bwiecie biznesu. Oto informacje, kt\u00f3rych potrzebujesz, aby si\u0119 ze mn\u0105 skontaktowa\u0107: E-mail: natalia@sopranomarketing.pl R\u00f3wnie\u017c zach\u0119cam do kontaktu poprzez Instagram Je\u015bli [&hellip;]<\/p>\n","protected":false},"author":1,"featured_media":0,"parent":0,"menu_order":0,"comment_status":"closed","ping_status":"closed","template":"","meta":{"pmpro_default_level":"","footnotes":""},"class_list":["post-151","page","type-page","status-publish","hentry","pmpro-has-access"],"jetpack_sharing_enabled":true,"_links":{"self":[{"href":"https:\/\/sopranomarketing.pl\/sklep\/wp-json\/wp\/v2\/pages\/151","targetHints":{"allow":["GET"]}}],"collection":[{"href":"https:\/\/sopranomarketing.pl\/sklep\/wp-json\/wp\/v2\/pages"}],"about":[{"href":"https:\/\/sopranomarketing.pl\/sklep\/wp-json\/wp\/v2\/types\/page"}],"author":[{"embeddable":true,"href":"https:\/\/sopranomarketing.pl\/sklep\/wp-json\/wp\/v2\/users\/1"}],"replies":[{"embeddable":true,"href":"https:\/\/sopranomarketing.pl\/sklep\/wp-json\/wp\/v2\/comments?post=151"}],"version-history":[{"count":3,"href":"https:\/\/sopranomarketing.pl\/sklep\/wp-json\/wp\/v2\/pages\/151\/revisions"}],"predecessor-version":[{"id":155,"href":"https:\/\/sopranomarketing.pl\/sklep\/wp-json\/wp\/v2\/pages\/151\/revisions\/155"}],"wp:attachment":[{"href":"https:\/\/sopranomarketing.pl\/sklep\/wp-json\/wp\/v2\/media?parent=151"}],"curies":[{"name":"wp","href":"https:\/\/api.w.org\/{rel}","templated":true}]}}